{"id":6491,"date":"2020-07-23T14:02:08","date_gmt":"2020-07-23T14:02:08","guid":{"rendered":"https:\/\/biketheworld.ch\/?page_id=6491"},"modified":"2024-09-03T17:45:10","modified_gmt":"2024-09-03T17:45:10","slug":"brands","status":"publish","type":"page","link":"https:\/\/biketheworld.ch\/de\/brands\/","title":{"rendered":"MARKEN"},"content":{"rendered":"<div data-elementor-type=\"wp-page\" data-elementor-id=\"6491\" class=\"elementor elementor-6491\" data-elementor-post-type=\"page\">\n\t\t\t\t<section class=\"elementor-section elementor-top-section elementor-element elementor-element-736d74d1 elementor-section-boxed elementor-section-height-default elementor-section-height-default\" data-id=\"736d74d1\" data-element_type=\"section\">\n\t\t\t\t\t\t<div class=\"elementor-container elementor-column-gap-default\">\n\t\t\t\t\t<div class=\"elementor-column elementor-col-100 elementor-top-column elementor-element elementor-element-b0b0310\" data-id=\"b0b0310\" data-element_type=\"column\">\n\t\t\t<div class=\"elementor-widget-wrap elementor-element-populated\">\n\t\t\t\t\t\t<div class=\"elementor-element elementor-element-539924f2 elementor-widget elementor-widget-text-editor\" data-id=\"539924f2\" data-element_type=\"widget\" data-widget_type=\"text-editor.default\">\n\t\t\t\t<div class=\"elementor-widget-container\"><div class=\"wp-block-themeisle-blocks-advanced-columns has-undefined-columns has-desktop-undefined-layout has-tablet-equal-layout has-mobile-equal-layout has-default-gap has-vertical-unset\" id=\"wp-block-themeisle-blocks-advanced-columns-2262f47e\"><div class=\"wp-block-themeisle-blocks-advanced-columns-overlay\"><\/div><div class=\"innerblocks-wrap\"><\/div><\/div><\/div>\n\t\t\t\t<\/div>\n\t\t\t\t\t<\/div>\n\t\t<\/div>\n\t\t\t\t\t<\/div>\n\t\t<\/section>\n\t\t\t\t<section class=\"elementor-section elementor-top-section elementor-element elementor-element-7637e80 elementor-section-boxed elementor-section-height-default elementor-section-height-default\" data-id=\"7637e80\" data-element_type=\"section\">\n\t\t\t\t\t\t<div class=\"elementor-container elementor-column-gap-default\">\n\t\t\t\t\t<div class=\"elementor-column elementor-col-100 elementor-top-column elementor-element elementor-element-c72c9f8\" data-id=\"c72c9f8\" data-element_type=\"column\">\n\t\t\t<div class=\"elementor-widget-wrap elementor-element-populated\">\n\t\t\t\t\t\t<div class=\"elementor-element elementor-element-d2fe3ac elementor-widget elementor-widget-text-editor\" data-id=\"d2fe3ac\" data-element_type=\"widget\" data-widget_type=\"text-editor.default\">\n\t\t\t\t<div class=\"elementor-widget-container\">\n\t\t\t\t\t\t\t\t\t<h1>MARKEN<\/h1>\t\t\t\t\t\t\t\t<\/div>\n\t\t\t\t<\/div>\n\t\t\t\t\t<\/div>\n\t\t<\/div>\n\t\t\t\t\t<\/div>\n\t\t<\/section>\n\t\t\t\t<section class=\"elementor-section elementor-top-section elementor-element elementor-element-f2d695c elementor-section-boxed elementor-section-height-default elementor-section-height-default\" data-id=\"f2d695c\" data-element_type=\"section\">\n\t\t\t\t\t\t<div class=\"elementor-container elementor-column-gap-default\">\n\t\t\t\t\t<div class=\"elementor-column elementor-col-100 elementor-top-column elementor-element elementor-element-1ad10a7\" data-id=\"1ad10a7\" data-element_type=\"column\">\n\t\t\t<div class=\"elementor-widget-wrap elementor-element-populated\">\n\t\t\t\t\t\t<div class=\"elementor-element elementor-element-c7416a5 elementor-widget-divider--view-line elementor-widget elementor-widget-divider\" data-id=\"c7416a5\" data-element_type=\"widget\" data-widget_type=\"divider.default\">\n\t\t\t\t<div class=\"elementor-widget-container\">\n\t\t\t\t\t\t\t<div class=\"elementor-divider\">\n\t\t\t<span class=\"elementor-divider-separator\">\n\t\t\t\t\t\t<\/span>\n\t\t<\/div>\n\t\t\t\t\t\t<\/div>\n\t\t\t\t<\/div>\n\t\t\t\t\t<\/div>\n\t\t<\/div>\n\t\t\t\t\t<\/div>\n\t\t<\/section>\n\t\t\t\t<section class=\"elementor-section elementor-top-section elementor-element elementor-element-d6c398d elementor-section-boxed elementor-section-height-default elementor-section-height-default\" data-id=\"d6c398d\" data-element_type=\"section\">\n\t\t\t\t\t\t<div class=\"elementor-container elementor-column-gap-default\">\n\t\t\t\t\t<div class=\"elementor-column elementor-col-100 elementor-top-column elementor-element elementor-element-afa0797\" data-id=\"afa0797\" data-element_type=\"column\">\n\t\t\t<div class=\"elementor-widget-wrap elementor-element-populated\">\n\t\t\t\t\t\t<div class=\"elementor-element elementor-element-25c1d46 elementor-widget elementor-widget-image\" data-id=\"25c1d46\" data-element_type=\"widget\" data-widget_type=\"image.default\">\n\t\t\t\t<div class=\"elementor-widget-container\">\n\t\t\t\t\t\t\t\t\t\t\t\t\t\t\t\t<a href=\"https:\/\/biketheworld.ch\/de\/starling-cycles\/\">\n\t\t\t\t\t\t\t<img decoding=\"async\" width=\"300\" height=\"78\" src=\"https:\/\/biketheworld.ch\/wp-content\/uploads\/2023\/05\/Starling_new-300x78.jpg\" class=\"attachment-medium size-medium wp-image-12873\" alt=\"\" srcset=\"https:\/\/biketheworld.ch\/wp-content\/uploads\/2023\/05\/Starling_new-300x78.jpg 300w, https:\/\/biketheworld.ch\/wp-content\/uploads\/2023\/05\/Starling_new-1024x268.jpg 1024w, https:\/\/biketheworld.ch\/wp-content\/uploads\/2023\/05\/Starling_new-768x201.jpg 768w, https:\/\/biketheworld.ch\/wp-content\/uploads\/2023\/05\/Starling_new-1536x402.jpg 1536w, https:\/\/biketheworld.ch\/wp-content\/uploads\/2023\/05\/Starling_new-2048x536.jpg 2048w, https:\/\/biketheworld.ch\/wp-content\/uploads\/2023\/05\/Starling_new-18x5.jpg 18w, https:\/\/biketheworld.ch\/wp-content\/uploads\/2023\/05\/Starling_new-555x145.jpg 555w\" sizes=\"(max-width: 300px) 100vw, 300px\" \/>\t\t\t\t\t\t\t\t<\/a>\n\t\t\t\t\t\t\t\t\t\t\t\t\t\t\t<\/div>\n\t\t\t\t<\/div>\n\t\t\t\t\t<\/div>\n\t\t<\/div>\n\t\t\t\t\t<\/div>\n\t\t<\/section>\n\t\t\t\t<section class=\"elementor-section elementor-top-section elementor-element elementor-element-13c0d41 elementor-section-boxed elementor-section-height-default elementor-section-height-default\" data-id=\"13c0d41\" data-element_type=\"section\">\n\t\t\t\t\t\t<div class=\"elementor-container elementor-column-gap-default\">\n\t\t\t\t\t<div class=\"elementor-column elementor-col-50 elementor-top-column elementor-element elementor-element-6ae6199\" data-id=\"6ae6199\" data-element_type=\"column\">\n\t\t\t<div class=\"elementor-widget-wrap elementor-element-populated\">\n\t\t\t\t\t\t<div class=\"elementor-element elementor-element-800be3f elementor-widget elementor-widget-image\" data-id=\"800be3f\" data-element_type=\"widget\" data-widget_type=\"image.default\">\n\t\t\t\t<div class=\"elementor-widget-container\">\n\t\t\t\t\t\t\t\t\t\t\t\t\t\t\t\t<a href=\"https:\/\/biketheworld.ch\/de\/starling-cycles\/\">\n\t\t\t\t\t\t\t<img fetchpriority=\"high\" decoding=\"async\" width=\"980\" height=\"653\" src=\"https:\/\/biketheworld.ch\/wp-content\/uploads\/2023\/05\/Starling-Cycles-Murmur-2023-V3-Web-Size-13-1024x682.jpg\" class=\"attachment-large size-large wp-image-12478\" alt=\"\" srcset=\"https:\/\/biketheworld.ch\/wp-content\/uploads\/2023\/05\/Starling-Cycles-Murmur-2023-V3-Web-Size-13-1024x682.jpg 1024w, https:\/\/biketheworld.ch\/wp-content\/uploads\/2023\/05\/Starling-Cycles-Murmur-2023-V3-Web-Size-13-300x200.jpg 300w, https:\/\/biketheworld.ch\/wp-content\/uploads\/2023\/05\/Starling-Cycles-Murmur-2023-V3-Web-Size-13-768x512.jpg 768w, https:\/\/biketheworld.ch\/wp-content\/uploads\/2023\/05\/Starling-Cycles-Murmur-2023-V3-Web-Size-13-1536x1024.jpg 1536w, https:\/\/biketheworld.ch\/wp-content\/uploads\/2023\/05\/Starling-Cycles-Murmur-2023-V3-Web-Size-13-18x12.jpg 18w, https:\/\/biketheworld.ch\/wp-content\/uploads\/2023\/05\/Starling-Cycles-Murmur-2023-V3-Web-Size-13-750x500.jpg 750w, https:\/\/biketheworld.ch\/wp-content\/uploads\/2023\/05\/Starling-Cycles-Murmur-2023-V3-Web-Size-13-555x370.jpg 555w, https:\/\/biketheworld.ch\/wp-content\/uploads\/2023\/05\/Starling-Cycles-Murmur-2023-V3-Web-Size-13.jpg 1700w\" sizes=\"(max-width: 980px) 100vw, 980px\" \/>\t\t\t\t\t\t\t\t<\/a>\n\t\t\t\t\t\t\t\t\t\t\t\t\t\t\t<\/div>\n\t\t\t\t<\/div>\n\t\t\t\t\t<\/div>\n\t\t<\/div>\n\t\t\t\t<div class=\"elementor-column elementor-col-50 elementor-top-column elementor-element elementor-element-dceea06\" data-id=\"dceea06\" data-element_type=\"column\">\n\t\t\t<div class=\"elementor-widget-wrap elementor-element-populated\">\n\t\t\t\t\t\t<div class=\"elementor-element elementor-element-52bd732 elementor-widget elementor-widget-text-editor\" data-id=\"52bd732\" data-element_type=\"widget\" data-widget_type=\"text-editor.default\">\n\t\t\t\t<div class=\"elementor-widget-container\">\n\t\t\t\t\t\t\t\t\t<p>Starling Cycles defy fashion and lead with function. They are the antithesis of unnecessary complexity and marketing-driven design.<\/p>\n<p>Our frames are hand-crafted with high-quality, lightweight steel for an unmistakable feel and undeniable, raw speed. Our single-pivot suspension design eliminates complexity, keeping your hands on your bars and out of your tool box.<\/p>\n<p>Our goal is simple, to eliminate complexity and create bikes that simply perform.<\/p>\n<p><strong>Looking for a Starling in Switzerland or the EU? <a href=\"https:\/\/biketheworld.ch\/de\/starling-cycles\/\">Click here<\/a><\/strong><\/p>\t\t\t\t\t\t\t\t<\/div>\n\t\t\t\t<\/div>\n\t\t\t\t\t<\/div>\n\t\t<\/div>\n\t\t\t\t\t<\/div>\n\t\t<\/section>\n\t\t\t\t<section class=\"elementor-section elementor-top-section elementor-element elementor-element-4d7b265 elementor-section-boxed elementor-section-height-default elementor-section-height-default\" data-id=\"4d7b265\" data-element_type=\"section\">\n\t\t\t\t\t\t<div class=\"elementor-container elementor-column-gap-default\">\n\t\t\t\t\t<div class=\"elementor-column elementor-col-100 elementor-top-column elementor-element elementor-element-c6eaf7b\" data-id=\"c6eaf7b\" data-element_type=\"column\">\n\t\t\t<div class=\"elementor-widget-wrap elementor-element-populated\">\n\t\t\t\t\t\t<div class=\"elementor-element elementor-element-3885e96 elementor-widget-divider--view-line elementor-widget elementor-widget-divider\" data-id=\"3885e96\" data-element_type=\"widget\" data-widget_type=\"divider.default\">\n\t\t\t\t<div class=\"elementor-widget-container\">\n\t\t\t\t\t\t\t<div class=\"elementor-divider\">\n\t\t\t<span class=\"elementor-divider-separator\">\n\t\t\t\t\t\t<\/span>\n\t\t<\/div>\n\t\t\t\t\t\t<\/div>\n\t\t\t\t<\/div>\n\t\t\t\t\t<\/div>\n\t\t<\/div>\n\t\t\t\t\t<\/div>\n\t\t<\/section>\n\t\t\t\t<section class=\"elementor-section elementor-top-section elementor-element elementor-element-8dcf5a9 elementor-section-boxed elementor-section-height-default elementor-section-height-default\" data-id=\"8dcf5a9\" data-element_type=\"section\">\n\t\t\t\t\t\t<div class=\"elementor-container elementor-column-gap-default\">\n\t\t\t\t\t<div class=\"elementor-column elementor-col-100 elementor-top-column elementor-element elementor-element-249abbe\" data-id=\"249abbe\" data-element_type=\"column\">\n\t\t\t<div class=\"elementor-widget-wrap elementor-element-populated\">\n\t\t\t\t\t\t<div class=\"elementor-element elementor-element-023fc3a elementor-widget elementor-widget-image\" data-id=\"023fc3a\" data-element_type=\"widget\" data-widget_type=\"image.default\">\n\t\t\t\t<div class=\"elementor-widget-container\">\n\t\t\t\t\t\t\t\t\t\t\t\t\t\t\t\t<a href=\"https:\/\/biketheworld.ch\/de\/pyga-bikes\/\">\n\t\t\t\t\t\t\t<img decoding=\"async\" src=\"https:\/\/biketheworld.ch\/wp-content\/uploads\/elementor\/thumbs\/logo-ozngeg758o82sac6j951zphxxttu0lsywq83f4hhqq.png\" title=\"logo\" alt=\"logo\" loading=\"lazy\" \/>\t\t\t\t\t\t\t\t<\/a>\n\t\t\t\t\t\t\t\t\t\t\t\t\t\t\t<\/div>\n\t\t\t\t<\/div>\n\t\t\t\t\t<\/div>\n\t\t<\/div>\n\t\t\t\t\t<\/div>\n\t\t<\/section>\n\t\t\t\t<section class=\"elementor-section elementor-top-section elementor-element elementor-element-b5ab3b8 elementor-section-boxed elementor-section-height-default elementor-section-height-default\" data-id=\"b5ab3b8\" data-element_type=\"section\">\n\t\t\t\t\t\t<div class=\"elementor-container elementor-column-gap-default\">\n\t\t\t\t\t<div class=\"elementor-column elementor-col-50 elementor-top-column elementor-element elementor-element-98d40b9\" data-id=\"98d40b9\" data-element_type=\"column\">\n\t\t\t<div class=\"elementor-widget-wrap elementor-element-populated\">\n\t\t\t\t\t\t<div class=\"elementor-element elementor-element-ea62276 elementor-arrows-position-inside elementor-widget elementor-widget-image-carousel\" data-id=\"ea62276\" data-element_type=\"widget\" data-settings=\"{&quot;slides_to_show&quot;:&quot;1&quot;,&quot;navigation&quot;:&quot;arrows&quot;,&quot;autoplay&quot;:&quot;yes&quot;,&quot;pause_on_hover&quot;:&quot;yes&quot;,&quot;pause_on_interaction&quot;:&quot;yes&quot;,&quot;autoplay_speed&quot;:5000,&quot;infinite&quot;:&quot;yes&quot;,&quot;effect&quot;:&quot;slide&quot;,&quot;speed&quot;:500}\" data-widget_type=\"image-carousel.default\">\n\t\t\t\t<div class=\"elementor-widget-container\">\n\t\t\t\t\t\t\t<div class=\"elementor-image-carousel-wrapper swiper\" role=\"region\" aria-roledescription=\"carousel\" aria-label=\"Image Carousel\" dir=\"ltr\">\n\t\t\t<div class=\"elementor-image-carousel swiper-wrapper\" aria-live=\"off\">\n\t\t\t\t\t\t\t\t<div class=\"swiper-slide\" role=\"group\" aria-roledescription=\"slide\" aria-label=\"1 of 2\"><a data-elementor-open-lightbox=\"yes\" data-elementor-lightbox-slideshow=\"ea62276\" data-elementor-lightbox-title=\"SlaklineAngle.jpg\" data-e-action-hash=\"#elementor-action%3Aaction%3Dlightbox%26settings%3DeyJpZCI6Nzg0NywidXJsIjoiaHR0cHM6XC9cL2Jpa2V0aGV3b3JsZC5jaFwvd3AtY29udGVudFwvdXBsb2Fkc1wvMjAyMFwvMTJcL1NsYWtsaW5lQW5nbGUuanBnIiwic2xpZGVzaG93IjoiZWE2MjI3NiJ9\" href=\"https:\/\/biketheworld.ch\/de\/pyga-bikes\/\"><figure class=\"swiper-slide-inner\"><img decoding=\"async\" class=\"swiper-slide-image\" src=\"https:\/\/biketheworld.ch\/wp-content\/uploads\/2020\/12\/SlaklineAngle.jpg\" alt=\"SlaklineAngle.jpg\" \/><\/figure><\/a><\/div><div class=\"swiper-slide\" role=\"group\" aria-roledescription=\"slide\" aria-label=\"2 of 2\"><a data-elementor-open-lightbox=\"yes\" data-elementor-lightbox-slideshow=\"ea62276\" data-elementor-lightbox-title=\"S_R_DMB.jpg\" data-e-action-hash=\"#elementor-action%3Aaction%3Dlightbox%26settings%3DeyJpZCI6Nzg0NiwidXJsIjoiaHR0cHM6XC9cL2Jpa2V0aGV3b3JsZC5jaFwvd3AtY29udGVudFwvdXBsb2Fkc1wvMjAyMFwvMTJcL1NfUl9ETUItMS5qcGciLCJzbGlkZXNob3ciOiJlYTYyMjc2In0%3D\" href=\"https:\/\/biketheworld.ch\/de\/pyga-bikes\/\"><figure class=\"swiper-slide-inner\"><img decoding=\"async\" class=\"swiper-slide-image\" src=\"https:\/\/biketheworld.ch\/wp-content\/uploads\/2020\/12\/S_R_DMB-1.jpg\" alt=\"S_R_DMB.jpg\" \/><\/figure><\/a><\/div>\t\t\t<\/div>\n\t\t\t\t\t\t\t\t\t\t\t\t<div class=\"elementor-swiper-button elementor-swiper-button-prev\" role=\"button\" tabindex=\"0\">\n\t\t\t\t\t\t<i aria-hidden=\"true\" class=\"eicon-chevron-left\"><\/i>\t\t\t\t\t<\/div>\n\t\t\t\t\t<div class=\"elementor-swiper-button elementor-swiper-button-next\" role=\"button\" tabindex=\"0\">\n\t\t\t\t\t\t<i aria-hidden=\"true\" class=\"eicon-chevron-right\"><\/i>\t\t\t\t\t<\/div>\n\t\t\t\t\n\t\t\t\t\t\t\t\t\t<\/div>\n\t\t\t\t\t\t<\/div>\n\t\t\t\t<\/div>\n\t\t\t\t\t<\/div>\n\t\t<\/div>\n\t\t\t\t<div class=\"elementor-column elementor-col-50 elementor-top-column elementor-element elementor-element-5e37dce\" data-id=\"5e37dce\" data-element_type=\"column\">\n\t\t\t<div class=\"elementor-widget-wrap elementor-element-populated\">\n\t\t\t\t\t\t<div class=\"elementor-element elementor-element-7254545 elementor-widget elementor-widget-text-editor\" data-id=\"7254545\" data-element_type=\"widget\" data-widget_type=\"text-editor.default\">\n\t\t\t\t<div class=\"elementor-widget-container\">\n\t\t\t\t\t\t\t\t\t<p class=\"p1\">Eine kleine s\u00fcdafrikanische Fahrradfirma, die Fahrr\u00e4der herstellt, die wir selbst fahren m\u00f6chten. Gegr\u00fcndet von Patrick Morewood, dem Gr\u00fcnder von Morewood Bikes \u2013 einer weltbekannten Gravity-Bike-Marke der fr\u00fchen 2000er Jahre, zog Pat 2010 von Morewood nach, um PYGA INDUSTRIES zu gr\u00fcnden. Pyga wurde mit dem Ziel geschaffen, einfache, clean geschnittene Bikes ohne ausgefallene Akronyme, Spielereien oder unn\u00f6tige Standards zu entwerfen.<\/p>\n<p class=\"p1\"><span class=\"s1\">Patrick Morewood gr\u00fcndete Pyga im Jahr 2012 lebenslange erfahrung, mit Rennen, Design und Herstellung von Fahrr\u00e4dern hat. Pyga hat sich zu einer eng verbundenen Familie gleichgesinnter Menschen entwickelt, die entschlossen sind, den Traum zu erf\u00fcllen. Weltklasse-Design, Technik und handgefertigte Qualit\u00e4t auf entspannte, zug\u00e4ngliche und erschwingliche Weise bieten PYGA an. Kurz gesagt ... sie k\u00fcmmern sich!<\/span><\/p>\n<p class=\"p1\"><span class=\"s1\">Ihre Fahrr\u00e4der sind so konzipiert, dass Sie dir besser fahren erm\u00f6glicht und auch dass du mehr fahren m\u00f6chtest. Keine Spielereien nur solide innovative Technik und Design, die eine au\u00dfergew\u00f6hnliche Fahrdynamik, klare Linien und eine Konstruktion bieten. Garantiert, dass Sie sich wieder in das Fahren verlieben, eine bessere Leistung erbringen.<br \/><\/span><\/p>\n<p>Sie konstruieren die Bikes, die wir gerne fahren, ebenso wie unsere Kunden, Markenbotschafter und Athleten.<\/p>\t\t\t\t\t\t\t\t<\/div>\n\t\t\t\t<\/div>\n\t\t\t\t\t<\/div>\n\t\t<\/div>\n\t\t\t\t\t<\/div>\n\t\t<\/section>\n\t\t\t\t<section class=\"elementor-section elementor-top-section elementor-element elementor-element-6c951dc elementor-section-boxed elementor-section-height-default elementor-section-height-default\" data-id=\"6c951dc\" data-element_type=\"section\">\n\t\t\t\t\t\t<div class=\"elementor-container elementor-column-gap-default\">\n\t\t\t\t\t<div class=\"elementor-column elementor-col-100 elementor-top-column elementor-element elementor-element-5ab3484\" data-id=\"5ab3484\" data-element_type=\"column\">\n\t\t\t<div class=\"elementor-widget-wrap elementor-element-populated\">\n\t\t\t\t\t\t<div class=\"elementor-element elementor-element-1ad5d85 elementor-widget-divider--view-line elementor-widget elementor-widget-divider\" data-id=\"1ad5d85\" data-element_type=\"widget\" data-widget_type=\"divider.default\">\n\t\t\t\t<div class=\"elementor-widget-container\">\n\t\t\t\t\t\t\t<div class=\"elementor-divider\">\n\t\t\t<span class=\"elementor-divider-separator\">\n\t\t\t\t\t\t<\/span>\n\t\t<\/div>\n\t\t\t\t\t\t<\/div>\n\t\t\t\t<\/div>\n\t\t\t\t\t<\/div>\n\t\t<\/div>\n\t\t\t\t\t<\/div>\n\t\t<\/section>\t\t<\/div>","protected":false},"excerpt":{"rendered":"<p>BRANDS Starling Cycles defy fashion and lead with function. They are the antithesis of unnecessary complexity and marketing-driven design. Our frames are hand-crafted with high-quality, lightweight steel for an unmistakable feel and undeniable, raw speed. Our single-pivot suspension design eliminates complexity, keeping your hands on your bars and out of your tool box. Our goal [&hellip;]<\/p>","protected":false},"author":1,"featured_media":0,"parent":0,"menu_order":0,"comment_status":"closed","ping_status":"closed","template":"elementor_header_footer","meta":{"footnotes":""},"class_list":["post-6491","page","type-page","status-publish","hentry"],"jetpack_sharing_enabled":true,"_links":{"self":[{"href":"https:\/\/biketheworld.ch\/de\/wp-json\/wp\/v2\/pages\/6491","targetHints":{"allow":["GET"]}}],"collection":[{"href":"https:\/\/biketheworld.ch\/de\/wp-json\/wp\/v2\/pages"}],"about":[{"href":"https:\/\/biketheworld.ch\/de\/wp-json\/wp\/v2\/types\/page"}],"author":[{"embeddable":true,"href":"https:\/\/biketheworld.ch\/de\/wp-json\/wp\/v2\/users\/1"}],"replies":[{"embeddable":true,"href":"https:\/\/biketheworld.ch\/de\/wp-json\/wp\/v2\/comments?post=6491"}],"version-history":[{"count":104,"href":"https:\/\/biketheworld.ch\/de\/wp-json\/wp\/v2\/pages\/6491\/revisions"}],"predecessor-version":[{"id":14607,"href":"https:\/\/biketheworld.ch\/de\/wp-json\/wp\/v2\/pages\/6491\/revisions\/14607"}],"wp:attachment":[{"href":"https:\/\/biketheworld.ch\/de\/wp-json\/wp\/v2\/media?parent=6491"}],"curies":[{"name":"wp","href":"https:\/\/api.w.org\/{rel}","templated":true}]}}