{"id":6484,"date":"2020-07-23T13:45:43","date_gmt":"2020-07-23T13:45:43","guid":{"rendered":"https:\/\/biketheworld.ch\/?page_id=6484"},"modified":"2020-07-23T13:53:31","modified_gmt":"2020-07-23T13:53:31","slug":"about-us","status":"publish","type":"page","link":"https:\/\/biketheworld.ch\/de\/about-us\/","title":{"rendered":"\u00dcBER UNS"},"content":{"rendered":"<div data-elementor-type=\"wp-page\" data-elementor-id=\"6484\" class=\"elementor elementor-6484\" data-elementor-post-type=\"page\">\n\t\t\t\t<section class=\"elementor-section elementor-top-section elementor-element elementor-element-520ea9c7 elementor-section-boxed elementor-section-height-default elementor-section-height-default\" data-id=\"520ea9c7\" data-element_type=\"section\">\n\t\t\t\t\t\t<div class=\"elementor-container elementor-column-gap-default\">\n\t\t\t\t\t<div class=\"elementor-column elementor-col-100 elementor-top-column elementor-element elementor-element-3fd3df06\" data-id=\"3fd3df06\" data-element_type=\"column\">\n\t\t\t<div class=\"elementor-widget-wrap elementor-element-populated\">\n\t\t\t\t\t\t<div class=\"elementor-element elementor-element-4db7dc42 elementor-widget elementor-widget-text-editor\" data-id=\"4db7dc42\" data-element_type=\"widget\" data-widget_type=\"text-editor.default\">\n\t\t\t\t<div class=\"elementor-widget-container\"><div class=\"wp-block-themeisle-blocks-advanced-columns has-undefined-columns has-desktop-undefined-layout has-tablet-equal-layout has-mobile-equal-layout has-default-gap has-vertical-unset\" id=\"wp-block-themeisle-blocks-advanced-columns-c177655f\"><div class=\"wp-block-themeisle-blocks-advanced-columns-overlay\"><\/div><div class=\"innerblocks-wrap\"><\/div><\/div><\/div>\n\t\t\t\t<\/div>\n\t\t\t\t\t<\/div>\n\t\t<\/div>\n\t\t\t\t\t<\/div>\n\t\t<\/section>\n\t\t\t\t<section class=\"elementor-section elementor-top-section elementor-element elementor-element-06ac1be elementor-section-boxed elementor-section-height-default elementor-section-height-default\" data-id=\"06ac1be\" data-element_type=\"section\">\n\t\t\t\t\t\t<div class=\"elementor-container elementor-column-gap-default\">\n\t\t\t\t\t<div class=\"elementor-column elementor-col-100 elementor-top-column elementor-element elementor-element-b1a8663\" data-id=\"b1a8663\" data-element_type=\"column\">\n\t\t\t<div class=\"elementor-widget-wrap elementor-element-populated\">\n\t\t\t\t\t\t<div class=\"elementor-element elementor-element-60a519a elementor-widget elementor-widget-text-editor\" data-id=\"60a519a\" data-element_type=\"widget\" data-widget_type=\"text-editor.default\">\n\t\t\t\t<div class=\"elementor-widget-container\">\n\t\t\t\t\t\t\t\t\t<h1>\u00dcBER UNS<\/h1>\t\t\t\t\t\t\t\t<\/div>\n\t\t\t\t<\/div>\n\t\t\t\t\t<\/div>\n\t\t<\/div>\n\t\t\t\t\t<\/div>\n\t\t<\/section>\n\t\t\t\t<section class=\"elementor-section elementor-top-section elementor-element elementor-element-8b9400b elementor-section-boxed elementor-section-height-default elementor-section-height-default\" data-id=\"8b9400b\" data-element_type=\"section\">\n\t\t\t\t\t\t<div class=\"elementor-container elementor-column-gap-default\">\n\t\t\t\t\t<div class=\"elementor-column elementor-col-100 elementor-top-column elementor-element elementor-element-829decd\" data-id=\"829decd\" data-element_type=\"column\">\n\t\t\t<div class=\"elementor-widget-wrap elementor-element-populated\">\n\t\t\t\t\t\t<div class=\"elementor-element elementor-element-01a6321 elementor-widget-divider--view-line elementor-widget elementor-widget-divider\" data-id=\"01a6321\" data-element_type=\"widget\" data-widget_type=\"divider.default\">\n\t\t\t\t<div class=\"elementor-widget-container\">\n\t\t\t\t\t\t\t<div class=\"elementor-divider\">\n\t\t\t<span class=\"elementor-divider-separator\">\n\t\t\t\t\t\t<\/span>\n\t\t<\/div>\n\t\t\t\t\t\t<\/div>\n\t\t\t\t<\/div>\n\t\t\t\t\t<\/div>\n\t\t<\/div>\n\t\t\t\t\t<\/div>\n\t\t<\/section>\n\t\t\t\t<section class=\"elementor-section elementor-top-section elementor-element elementor-element-a9e2145 elementor-section-boxed elementor-section-height-default elementor-section-height-default\" data-id=\"a9e2145\" data-element_type=\"section\">\n\t\t\t\t\t\t<div class=\"elementor-container elementor-column-gap-default\">\n\t\t\t\t\t<div class=\"elementor-column elementor-col-100 elementor-top-column elementor-element elementor-element-b253f23\" data-id=\"b253f23\" data-element_type=\"column\">\n\t\t\t<div class=\"elementor-widget-wrap elementor-element-populated\">\n\t\t\t\t\t\t<div class=\"elementor-element elementor-element-eb3e4ee elementor-widget elementor-widget-text-editor\" data-id=\"eb3e4ee\" data-element_type=\"widget\" data-widget_type=\"text-editor.default\">\n\t\t\t\t<div class=\"elementor-widget-container\">\n\t\t\t\t\t\t\t\t\t<p><span data-sheets-value=\"{\" data-sheets-userformat=\"{\">Wir sind ein kleines Unternehmen im Besitz von Fahrern, das eine Reihe einzigartiger Marken auf den Schweizer Mountainbike-Markt bringt. Qualit\u00e4t und Innovation sind uns wichtig, wir w\u00e4hlen bewusst Produkte aus, die auf Langlebigkeit ausgelegt sind und unseren Kunden ein L\u00e4cheln ins Gesicht zaubern.<\/span><\/p>\n<p><span data-sheets-value=\"{\" data-sheets-userformat=\"{\">Wenn wir nicht arbeiten, sind wir auf den lokalen Schweizer Trails unterwegs und beweisen die Leistungsf\u00e4higkeit unserer Produktpalette. Wenn Sie mehr \u00fcber unsere Aktivit\u00e4ten erfahren m\u00f6chten, sehen Sie sich einfach den Rest unserer Webseite an.<\/span><\/p>\t\t\t\t\t\t\t\t<\/div>\n\t\t\t\t<\/div>\n\t\t\t\t\t<\/div>\n\t\t<\/div>\n\t\t\t\t\t<\/div>\n\t\t<\/section>\n\t\t\t\t<section class=\"elementor-section elementor-top-section elementor-element elementor-element-82db2b8 elementor-section-boxed elementor-section-height-default elementor-section-height-default\" data-id=\"82db2b8\" data-element_type=\"section\">\n\t\t\t\t\t\t<div class=\"elementor-container elementor-column-gap-default\">\n\t\t\t\t\t<div class=\"elementor-column elementor-col-100 elementor-top-column elementor-element elementor-element-b21f656\" data-id=\"b21f656\" data-element_type=\"column\">\n\t\t\t<div class=\"elementor-widget-wrap elementor-element-populated\">\n\t\t\t\t\t\t<div class=\"elementor-element elementor-element-fd4684e elementor-widget elementor-widget-image\" data-id=\"fd4684e\" data-element_type=\"widget\" data-widget_type=\"image.default\">\n\t\t\t\t<div class=\"elementor-widget-container\">\n\t\t\t\t\t\t\t\t\t\t\t\t\t\t\t<img fetchpriority=\"high\" decoding=\"async\" width=\"2000\" height=\"780\" src=\"https:\/\/biketheworld.ch\/wp-content\/uploads\/2020\/01\/20180707-James-and-Bryson-1-2-e1595864158677.jpg\" class=\"attachment-full size-full wp-image-74\" alt=\"\" srcset=\"https:\/\/biketheworld.ch\/wp-content\/uploads\/2020\/01\/20180707-James-and-Bryson-1-2-e1595864158677.jpg 2000w, https:\/\/biketheworld.ch\/wp-content\/uploads\/2020\/01\/20180707-James-and-Bryson-1-2-e1595864158677-555x216.jpg 555w, https:\/\/biketheworld.ch\/wp-content\/uploads\/2020\/01\/20180707-James-and-Bryson-1-2-e1595864158677-300x117.jpg 300w, https:\/\/biketheworld.ch\/wp-content\/uploads\/2020\/01\/20180707-James-and-Bryson-1-2-e1595864158677-1024x399.jpg 1024w, https:\/\/biketheworld.ch\/wp-content\/uploads\/2020\/01\/20180707-James-and-Bryson-1-2-e1595864158677-768x300.jpg 768w, https:\/\/biketheworld.ch\/wp-content\/uploads\/2020\/01\/20180707-James-and-Bryson-1-2-e1595864158677-1536x599.jpg 1536w\" sizes=\"(max-width: 2000px) 100vw, 2000px\" \/>\t\t\t\t\t\t\t\t\t\t\t\t\t\t\t<\/div>\n\t\t\t\t<\/div>\n\t\t\t\t\t<\/div>\n\t\t<\/div>\n\t\t\t\t\t<\/div>\n\t\t<\/section>\n\t\t\t\t<section class=\"elementor-section elementor-top-section elementor-element elementor-element-e1d92ca elementor-section-boxed elementor-section-height-default elementor-section-height-default\" data-id=\"e1d92ca\" data-element_type=\"section\">\n\t\t\t\t\t\t<div class=\"elementor-container elementor-column-gap-default\">\n\t\t\t\t\t<div class=\"elementor-column elementor-col-100 elementor-top-column elementor-element elementor-element-45179b3\" data-id=\"45179b3\" data-element_type=\"column\">\n\t\t\t<div class=\"elementor-widget-wrap elementor-element-populated\">\n\t\t\t\t\t\t<div class=\"elementor-element elementor-element-9944de7 elementor-widget-divider--view-line elementor-widget elementor-widget-divider\" data-id=\"9944de7\" data-element_type=\"widget\" data-widget_type=\"divider.default\">\n\t\t\t\t<div class=\"elementor-widget-container\">\n\t\t\t\t\t\t\t<div class=\"elementor-divider\">\n\t\t\t<span class=\"elementor-divider-separator\">\n\t\t\t\t\t\t<\/span>\n\t\t<\/div>\n\t\t\t\t\t\t<\/div>\n\t\t\t\t<\/div>\n\t\t\t\t\t<\/div>\n\t\t<\/div>\n\t\t\t\t\t<\/div>\n\t\t<\/section>\t\t<\/div>","protected":false},"excerpt":{"rendered":"<p>ABOUT US We are a small rider owned company, which bring a range of unique brands to the Swiss mountain bike market. Quality and innovation are key to us, we purposely choose products which are built to last and put a smile on our customers face. When we\u2019re not working, we\u2019re out getting dirty on [&hellip;]<\/p>","protected":false},"author":1,"featured_media":0,"parent":0,"menu_order":0,"comment_status":"closed","ping_status":"closed","template":"elementor_header_footer","meta":{"footnotes":""},"class_list":["post-6484","page","type-page","status-publish","hentry"],"jetpack_sharing_enabled":true,"_links":{"self":[{"href":"https:\/\/biketheworld.ch\/de\/wp-json\/wp\/v2\/pages\/6484","targetHints":{"allow":["GET"]}}],"collection":[{"href":"https:\/\/biketheworld.ch\/de\/wp-json\/wp\/v2\/pages"}],"about":[{"href":"https:\/\/biketheworld.ch\/de\/wp-json\/wp\/v2\/types\/page"}],"author":[{"embeddable":true,"href":"https:\/\/biketheworld.ch\/de\/wp-json\/wp\/v2\/users\/1"}],"replies":[{"embeddable":true,"href":"https:\/\/biketheworld.ch\/de\/wp-json\/wp\/v2\/comments?post=6484"}],"version-history":[{"count":4,"href":"https:\/\/biketheworld.ch\/de\/wp-json\/wp\/v2\/pages\/6484\/revisions"}],"predecessor-version":[{"id":10678,"href":"https:\/\/biketheworld.ch\/de\/wp-json\/wp\/v2\/pages\/6484\/revisions\/10678"}],"wp:attachment":[{"href":"https:\/\/biketheworld.ch\/de\/wp-json\/wp\/v2\/media?parent=6484"}],"curies":[{"name":"wp","href":"https:\/\/api.w.org\/{rel}","templated":true}]}}