{"id":176,"date":"2020-01-07T10:42:46","date_gmt":"2020-01-07T10:42:46","guid":{"rendered":"https:\/\/biketheworld.ch\/?page_id=176"},"modified":"2022-05-30T13:03:45","modified_gmt":"2022-05-30T13:03:45","slug":"geschaeftsbedingungen","status":"publish","type":"page","link":"https:\/\/biketheworld.ch\/de\/geschaeftsbedingungen\/","title":{"rendered":"Terms &#038; Conditions"},"content":{"rendered":"<div data-elementor-type=\"wp-page\" data-elementor-id=\"176\" class=\"elementor elementor-176\" data-elementor-post-type=\"page\">\n\t\t\t\t\t\t<section class=\"elementor-section elementor-top-section elementor-element elementor-element-afaedd2 elementor-section-height-min-height elementor-section-boxed elementor-section-height-default elementor-section-items-middle\" data-id=\"afaedd2\" data-element_type=\"section\">\n\t\t\t\t\t\t<div class=\"elementor-container elementor-column-gap-default\">\n\t\t\t\t\t<div class=\"elementor-column elementor-col-100 elementor-top-column elementor-element elementor-element-205a577\" data-id=\"205a577\" data-element_type=\"column\">\n\t\t\t<div class=\"elementor-widget-wrap\">\n\t\t\t\t\t\t\t<\/div>\n\t\t<\/div>\n\t\t\t\t\t<\/div>\n\t\t<\/section>\n\t\t\t\t<section class=\"elementor-section elementor-top-section elementor-element elementor-element-1ba1741 elementor-section-boxed elementor-section-height-default elementor-section-height-default\" data-id=\"1ba1741\" data-element_type=\"section\">\n\t\t\t\t\t\t<div class=\"elementor-container elementor-column-gap-default\">\n\t\t\t\t\t<div class=\"elementor-column elementor-col-100 elementor-top-column elementor-element elementor-element-8827afd\" data-id=\"8827afd\" data-element_type=\"column\">\n\t\t\t<div class=\"elementor-widget-wrap elementor-element-populated\">\n\t\t\t\t\t\t<div class=\"elementor-element elementor-element-f93a8cd elementor-widget elementor-widget-text-editor\" data-id=\"f93a8cd\" data-element_type=\"widget\" data-widget_type=\"text-editor.default\">\n\t\t\t\t<div class=\"elementor-widget-container\">\n\t\t\t\t\t\t\t\t\t<h1>AGB<\/h1>\t\t\t\t\t\t\t\t<\/div>\n\t\t\t\t<\/div>\n\t\t\t\t\t<\/div>\n\t\t<\/div>\n\t\t\t\t\t<\/div>\n\t\t<\/section>\n\t\t\t\t<section class=\"elementor-section elementor-top-section elementor-element elementor-element-a88e8db elementor-section-boxed elementor-section-height-default elementor-section-height-default\" data-id=\"a88e8db\" data-element_type=\"section\">\n\t\t\t\t\t\t<div class=\"elementor-container elementor-column-gap-default\">\n\t\t\t\t\t<div class=\"elementor-column elementor-col-100 elementor-top-column elementor-element elementor-element-1ff0ea7\" data-id=\"1ff0ea7\" data-element_type=\"column\">\n\t\t\t<div class=\"elementor-widget-wrap elementor-element-populated\">\n\t\t\t\t\t\t<div class=\"elementor-element elementor-element-f6567d7 elementor-widget-divider--view-line elementor-widget elementor-widget-divider\" data-id=\"f6567d7\" data-element_type=\"widget\" data-widget_type=\"divider.default\">\n\t\t\t\t<div class=\"elementor-widget-container\">\n\t\t\t\t\t\t\t<div class=\"elementor-divider\">\n\t\t\t<span class=\"elementor-divider-separator\">\n\t\t\t\t\t\t<\/span>\n\t\t<\/div>\n\t\t\t\t\t\t<\/div>\n\t\t\t\t<\/div>\n\t\t\t\t\t<\/div>\n\t\t<\/div>\n\t\t\t\t\t<\/div>\n\t\t<\/section>\n\t\t\t\t<section class=\"elementor-section elementor-top-section elementor-element elementor-element-668957e5 elementor-section-boxed elementor-section-height-default elementor-section-height-default\" data-id=\"668957e5\" data-element_type=\"section\">\n\t\t\t\t\t\t<div class=\"elementor-container elementor-column-gap-default\">\n\t\t\t\t\t<div class=\"elementor-column elementor-col-100 elementor-top-column elementor-element elementor-element-22242f1\" data-id=\"22242f1\" data-element_type=\"column\">\n\t\t\t<div class=\"elementor-widget-wrap elementor-element-populated\">\n\t\t\t\t\t\t<div class=\"elementor-element elementor-element-79d9c4ae elementor-widget elementor-widget-text-editor\" data-id=\"79d9c4ae\" data-element_type=\"widget\" data-widget_type=\"text-editor.default\">\n\t\t\t\t<div class=\"elementor-widget-container\">\n\t\t\t\t\t\t\t\t\t<p><b>Vertragsabschluss<br \/><\/b><span style=\"color: var( --e-global-color-text ); font-family: var( --e-global-typography-text-font-family ), Sans-serif;\">Vertragsabschl\u00fcsse erfolgen im Namen und f\u00fcr Rechnung von Drew BTW, 8143 Stallikon, und ausschlie\u00dflich aufgrund dieser Allgemeinen Gesch\u00e4ftsbedingungen. Erg\u00e4nzend hierzu gelten die den Produkten beiliegenden Lizenzbedingungen der Hersteller. Allgemeinen Gesch\u00e4ftsbedingungen des K\u00e4ufers wird hiermit widersprochen. Abweichungen von unseren Vertragsbedingungen sind nur wirksam, wenn wir sie schriftlich best\u00e4tigen. Ein Vertrag kommt erst durch eine schriftliche Auftragsbest\u00e4tigung (E-Mail gen\u00fcgt) oder mit Beginn der Ausf\u00fchrung der Leistung durch Drew BTW zustande. Der K\u00e4ufer anerkennt den Urheberrechtsschutz und die Gew\u00e4hrleistungsbedingungen mit dem \u00d6ffnen der Originalverpackung. Die Bestellung ist ein bindendes Angebot.<\/span><\/p><p><b>Preise \/ Lieferumfang<br \/><\/b><span style=\"color: var( --e-global-color-text ); font-family: var( --e-global-typography-text-font-family ), Sans-serif;\">Alle Preisangaben sind nur f\u00fcr die Schweiz und das F\u00fcrstentum Liechtenstein g\u00fcltig. Sie verstehen sich in CHF. Unsere Preisangaben in Prospekten, Anzeigen, Katalogen, auf Internet-Web-Seiten u.\u00e4. sind unverbindlich; Preise sind freibleibend. Preis\u00e4nderungen aufgrund von \u00c4nderungen bei Z\u00f6llen, Ein- und Ausfuhrgeb\u00fchren, Devisenkursen etc. bleiben vorbehalten. Die Verpackung der Ware erfolgt durch den Hersteller oder H\u00e4ndler. Die Kosten f\u00fcr die Entsorgung der Verpackung sind vom Besteller zu tragen. Ebenfalls werden Porto und Transportkosten, falls solche anfallen separat verrechnet. Alle anfallenden Kosten werden immer vor Bestellabgabe detailliert aufgelistet.<\/span><\/p><p><span style=\"font-weight: 400;\">Wir bem\u00fchen uns, die bestm\u00f6gliche Verf\u00fcgbarkeit der auf der Webseite angebotenen Produkte sicherzustellen und korrekt anzugeben. Die Pr\u00e4sentation eines bestimmten Produktes auf der Webseite bedeutet jedoch nicht, dass wir eine Garantie bez\u00fcglich der Verf\u00fcgbarkeit \u00fcbernehmen. Bei ungl\u00fccklichen \u00dcberschneidungen von Bestellungen und Bestandsaktualisierungen, k\u00f6nnen wir die Bestellung m\u00f6glicherweise nicht vollst\u00e4ndig durchf\u00fchren. Wir behalten uns das Recht vor, die Bestellung entweder zu stornieren oder lediglich eine Teillieferung durchzuf\u00fchren. In einem solchen Fall werden wir den K\u00e4ufer entsprechend in Kenntnis setzen.<\/span><\/p><p><b>Zahlungsbedingungen<br \/><\/b><span style=\"color: var( --e-global-color-text ); font-family: var( --e-global-typography-text-font-family ), Sans-serif;\">Bei Abholung und Direktbezug ist stets Bar gegen Quittung zu bezahlen. Bei Lieferungen k\u00f6nnen je nach Versandart zus\u00e4tzliche Kosten entstehen welche vom K\u00e4ufer \u00fcbernommen werden m\u00fcssen. Rechnungen sind grunds\u00e4tzlich sofort nach Erhalt zahlbar. Im Falle des Verzuges des K\u00e4ufers ist Drew BTW berechtigt, s\u00e4mtliche Lieferungen an den K\u00e4ufer, auch aus anderen Vertragsverh\u00e4ltnissen, zu verweigern. Ein Zur\u00fcckbehaltungsrecht des K\u00e4ufers ist ausgeschlossen, soweit es nicht auf demselben Vertragsverh\u00e4ltnis beruht. Liefertermine gelten nur bei schriftlicher Vereinbarung. Die Lieferzeit verl\u00e4ngert sich angemessen bei Ma\u00dfnahmen im Rahmen von Arbeitsausf\u00e4llen (Streik\/Aussperrung), gesetzlicher und beh\u00f6rdlicher Anordnung (Import\/Exportbeschr\u00e4nkungen), h\u00f6herer Gewalt. Der K\u00e4ufer hat das Recht, bei Verzug des Verk\u00e4ufers nach Setzung einer angemessenen Nachfrist vom Verkauf zur\u00fcckzutreten. Weitergehende Schadensersatzanspr\u00fcche sind, soweit den Verk\u00e4ufer nicht Vorsatz oder grobe Fahrl\u00e4ssigkeit trifft, ausgeschlossen.<\/span><\/p><ul><li style=\"font-weight: 400;\" aria-level=\"1\"><span style=\"font-weight: 400;\">Kauf auf Rechnung<\/span><span style=\"font-weight: 400;\"><br \/><\/span><span style=\"font-weight: 400;\">Bei Zahlung per Rechnung muss die Rechnung innert 10 Tagen bezahlt werden. Drew BTW beh\u00e4lt sich das Recht vor, Bonit\u00e4tsabkl\u00e4rungen \u00fcber den Kunden einzuholen und ist diesbez\u00fcglich berechtigt, Kundendaten an Dritte weiterzuleiten. Im Falle eines Zahlungsverzuges wird ein Verzugszins von 5 % pro Jahr sowie Mahngeb\u00fchren in der H\u00f6he von CHF 10.- bei der ersten und CHF 15.- bei der zweiten Mahnung in Rechnung gestellt. Drew BTW ist im Falle eines Zahlungsverzuges berechtigt, die Forderung mit Kostenfolge f\u00fcr den Kunden an Dritte abzutreten oder mit dem Inkasso zu beauftragen.<\/span><\/li><\/ul><p><b>Eigentumsvorbehalt<br \/><\/b><span style=\"color: var( --e-global-color-text ); font-family: var( --e-global-typography-text-font-family ), Sans-serif;\">Wir liefern ausschlie\u00dflich unter Eigentumsvorbehalt. Die gelieferte Ware bleibt bis zur vollst\u00e4ndigen Bezahlung Eigentum der Drew BTW. Das Eigentum geht erst dann an den Kunden \u00fcber, wenn er seine gesamten Verpflichtungen aus allen unseren Lieferungen erf\u00fcllt hat. Der Versand erfolgt stets auf Gefahr des Empf\u00e4ngers.<\/span><\/p><ul><li style=\"font-weight: 400;\" aria-level=\"1\"><span style=\"font-weight: 400;\">Bei Konsumenten behalten wir uns das Eigentum an der Kaufsache bis zur vollst\u00e4ndigen Zahlung des Rechnungsbetrags vor. Sind Sie Unternehmer in Aus\u00fcbung Ihrer gewerblichen oder selbst\u00e4ndigen beruflichen T\u00e4tigkeit, eine juristische Person des \u00f6ffentlichen Rechts oder \u00f6ffentlich-rechtliches Sonderverm\u00f6gen, behalten wir uns das Eigentum an der Kaufsache bis zum Ausgleich aller noch offenen Forderungen aus der Gesch\u00e4ftsverbindung mit dem Besteller vor. Die entsprechenden Sicherungsrechte sind auf Dritte \u00fcbertragbar.<\/span><\/li><li style=\"font-weight: 400;\" aria-level=\"1\"><span style=\"font-weight: 400;\">Ein Recht zur Aufrechnung steht Ihnen nur zu, wenn Ihre Gegenanspr\u00fcche rechtskr\u00e4ftig festgestellt oder von uns unbestritten oder anerkannt sind. Au\u00dferdem haben Sie ein Zur\u00fcckbehaltungsrecht nur, wenn und soweit Ihr Gegenanspruch auf dem gleichen Vertragsverh\u00e4ltnis beruht.<\/span><\/li><li style=\"font-weight: 400;\" aria-level=\"1\"><span style=\"font-weight: 400;\">Befindet sich der Kunde uns gegen\u00fcber mit irgendwelchen Zahlungsverpflichtungen im Verzug, so werden s\u00e4mtliche bestehenden Forderungen sofort f\u00e4llig.<\/span><\/li><\/ul><p><b>Haftung \/ Garantie<br \/><\/b><span style=\"color: var( --e-global-color-text ); font-family: var( --e-global-typography-text-font-family ), Sans-serif;\">Ersatz\/Zubeh\u00f6r-Teile werden teilweise ohne Gutachten geliefert und sind nur f\u00fcr Rennzwecke bestimmt. Die Zul\u00e4ssigkeit ihres Einsatzes auf \u00f6ffentlichen Stra\u00dfen geh\u00f6rt nicht zur vertragsgem\u00e4\u00dfen Beschaffenheit. Wir haften im Rahmen der gesetzlichen Gew\u00e4hrleistung f\u00fcr M\u00e4ngel an neuen Waren. Als M\u00e4ngel gelten Abweichungen an dem Verkaufsgegenstand von der Bedienungsanleitung oder der darin beschriebenen Funktionsweise, oder Abweichungen vom herk\u00f6mmlichen Gebrauch des Verkaufsgegenstandes, soweit diese Abweichungen die Tauglichkeit des Kaufgegenstandes zum \u00fcblichen Gebrauch beeintr\u00e4chtigen. F\u00fcr Sch\u00e4den, die aus unsachgem\u00e4sser Nutzung, Montage, Inbetriebnahme sowie normalem Verschleiss entstehen, haften wir nicht. Garantieantr\u00e4ge k\u00f6nnen nur unter Vorweisung des Kaufbeleges bearbeitet werden. Bei berechtigten Reklamationen, die 7 Tage nach Erhalt mitgeteilt wurden, wird Ersatz geleistet. R\u00fccksendungen, aus welchen Grund auch immer, haben frachtfrei an uns zu erfolgen. Sch\u00e4den die beim Transport entstanden sind m\u00fcssen innerhalb 7 Tagen bei der Schweizerischen Post reklamiert werden. Ihre Lieferung ist bis zu einem gewissen Betrag von der Post versichert. F\u00fcr Transportsch\u00e4den haftet die Drew BTW unter keinen Umst\u00e4nden.<\/span><\/p><p><b>Garantiebedingungen ab Kaufdatum:<\/b><\/p><ul><li style=\"font-weight: 400;\" aria-level=\"1\"><span style=\"font-weight: 400;\">Chromag Bikes - 1 Jahr<\/span><\/li><li style=\"font-weight: 400;\" aria-level=\"1\"><span style=\"font-weight: 400;\">PYGA Mountain Bikes - 2 Jahre.<\/span><\/li><li style=\"font-weight: 400;\" aria-level=\"1\"><span style=\"font-weight: 400;\">Pembree - 5 Jahre, 2 Jahre auf Lager.<\/span><\/li><li style=\"font-weight: 400;\" aria-level=\"1\"><span style=\"font-weight: 400;\">We Are One Composities - lebensdauer auf Carbonfelgen.<\/span><\/li><li style=\"font-weight: 400;\" aria-level=\"1\"><span style=\"font-weight: 400;\">Title Componentry - 1 Jahr<\/span><\/li><li style=\"font-weight: 400;\" aria-level=\"1\"><span style=\"font-weight: 400;\">Industry Nine - 2  Jahre lebensdauer auf Carbonfelgen.<\/span><\/li><li style=\"font-weight: 400;\" aria-level=\"1\"><span style=\"font-weight: 400;\">RideWrap - 1 Jahr<\/span><\/li><li style=\"font-weight: 400;\" aria-level=\"1\"><span style=\"font-weight: 400;\">DumondeTech - 1 Jahr<\/span><\/li><\/ul><p><strong>Umtausch \/ Retouren<\/strong><br \/>Allen Privatkunden gew\u00e4hren wir ein kulantes, 14-t\u00e4giges R\u00fcckgaberecht. Das R\u00fcckgaberecht kann unter folgenden Bedingungen ausge\u00fcbt werden:<\/p><ul><li><strong>Artikel ist zur R\u00fcckgabe berechtigt und die produktspezifische R\u00fcckgabefrist wird eingehalten<\/strong><br \/>Die R\u00fcckgabefrist beginnt mit Auslieferungsdatum, nach Ablauf der R\u00fcckgabefrist kann der betreffende Artikel nicht mehr zur\u00fcckgenommen werden und wird kostenpflichtig an den K\u00e4ufer retourniert.<\/li><li><strong>Die retournierten Artikel erf\u00fcllen kumuliert alle Bedingungen f\u00fcr die R\u00fccknahme<\/strong><ul><li>Zustand des Artikels: neu, sauber und vollst\u00e4ndig<br \/>Das \u00d6ffnen der Verpackung und Ansehen der Ware ist zul\u00e4ssig (mit Ausnahme von versiegelten und verschweissten Artikeln). Das R\u00fcckgaberecht beschr\u00e4nkt sich auf neue Artikel und verf\u00e4llt somit, wenn die Ware montiert, getestet, in Gebrauch genommen oder besch\u00e4digt wird und\/oder Gebrauchsspuren aufweist. Bekleidungsartikel k\u00f6nnen unter Beachtung der Hygenie anprobiert werden, um die Passgr\u00f6sse zu pr\u00fcfen. Zudem muss der Artikel sauber und mit s\u00e4mtlichem Zubeh\u00f6r, welches ebenfalls in einem neuen Zustand sein muss, retourniert werden. Bekleidungsartikel sind ordentlich gefaltet und sauber (keine weitergehende Nutzung als blosses Anprobieren) retournierbar.<\/li><li>Zustand der Verpackung: einwandfrei<br \/>Die Originalverpackung ist ein wesentlicher Bestandteil der Ware. Der Artikel ist innerhalb der Originalverpackung und in einer zus\u00e4tzlichen, geeigneten Versandverpackung zu retournieren. Zu beachten ist, dass der Zustand der Originalverpackung innen und aussen einwandfrei sein muss. Ausserdem gilt bei verschweissten oder versiegelten Verpackungen, dass diese unge\u00f6ffnet sein m\u00fcssen, damit der Artikel zur\u00fcckgenommen werden kann. Retournierte Ware mit verklebter Originalverpackung bzw. nicht retourniert in einer zus\u00e4tzlichen Versandverpackung werden immer abgelehnt.<\/li><li>Ge\u00f6ffnete Produkt-Verpackungen: nicht selbst zukleben<br \/>Ge\u00f6ffnete Produkt-Verpackungen d\u00fcrfen keinesfalls selbst zugeklebt werden, da dies die Wiederherstellung der Ware in einen verkaufsf\u00e4higen Zustand erschweren bzw. verunfm\u00f6glichen kann. Ware, welche selbst zubeklebt und dadurch nicht mehr in einen verkaufsf\u00e4higen Zustand gebracht werden kann wird abgelehnt.<\/li><\/ul><\/li><li><strong>Einhaltung des R\u00fcckgabeprozederes<\/strong><br \/>Um die reibungslose R\u00fccknahme von Waren zu gew\u00e4hrleisten, muss das im Folgenden beschriebene Vorgehen unbedingt befolgt werden.<\/li><\/ul><p>Retournierte Waren, die eine oder mehrere dieser Voraussetzungen nicht erf\u00fcllen, m\u00fcssen gegen Bezahlung einer Bearbeitungsgeb\u00fchr von CHF 15.00 f\u00fcr Standardartikel bzw. CHF 30.00 f\u00fcr Sperrgutartikel an den K\u00e4ufer retourniert werden. Die Portokosten f\u00fcr R\u00fccksendungen tr\u00e4gt immer der K\u00e4ufer.<\/p><p><strong>Vorgehen bei der Retournierung von Artikeln<br \/><\/strong>Bitte beachte zwingend die obenstehenden Voraussetzungen und Bedingungen f\u00fcr die R\u00fccknahme von Artikeln.<br \/>Um retournierbare Artikel zur\u00fcckzusenden, verwenden Sie bitte die Rechnung, die Sie mit Ihrer Bestellung erhalten haben. Markieren Sie die zur\u00fcckzusendenden Artikel und kennzeichnen Sie diese mit \"R\u00fccksendung\".<\/p><p>Die R\u00fccksendung ist an folgende Adresse zu richten:<br \/><span style=\"color: var( --e-global-color-text ); font-family: var( --e-global-typography-text-font-family ), Sans-serif;\">Drew BTW<br \/><\/span><span style=\"color: var( --e-global-color-text ); font-family: var( --e-global-typography-text-font-family ), Sans-serif;\">R\u00e4bacher 4<br \/><\/span><span style=\"color: var( --e-global-color-text ); font-family: var( --e-global-typography-text-font-family ), Sans-serif;\">8143 Stallikon<br \/><\/span><span style=\"color: var( --e-global-color-text ); font-family: var( --e-global-typography-text-font-family ), Sans-serif;\">Schweiz<\/span><\/p><p>Bei Warenwert unter CHF 500.\u2013 bitte nicht per Einschreiben retournieren, da sich die Verarbeitung der R\u00fccksendung um bis zu 2 Wochen zus\u00e4tzlich verz\u00f6gern kann.<br \/>Es empfiehlt sich, die Post-Trackingnummer Deiner R\u00fccksendung aufzubewahren, um allf\u00e4llige Probleme mit der Sendung nachzuverfolgen.<br \/>R\u00fccksendungen mit fehlendem Beiblatt (Proforma-Rechnung mit Kennzeichnung der Retour-Positionen) k\u00f6nnen nicht bearbeitet werden und m\u00fcssen wir per Vermerk \"zur\u00fcck an Absender\" durch die Post retournieren.<\/p><p>Zur\u00fcckgenommene Artikel werden stets zum Tagespreis, maximal zum Kaufpreis auf das bei der betreffenden Bestellungen verwendete Zahlungsmittel r\u00fcckerstattet. Geb\u00fchren wie Versandkosten und Zahlungsgeb\u00fchren werden nicht r\u00fcckerstattet. Die Bearbeitungfrist bis zum Abschluss und R\u00fcckerstattung einer Retoure ben\u00f6tigt 7-14 Tage nach Eingang bei uns.<\/p><p>Bei Fragen z\u00f6gern Sie bitte nicht <a href=\"https:\/\/biketheworld.ch\/de\/contact\/\">uns zu kontaktieren<\/a>.<\/p><p><span style=\"font-weight: 400;\">\u00a9 2020 Drew BTW, Alle Rechte vorbehalten.<\/span><\/p>\t\t\t\t\t\t\t\t<\/div>\n\t\t\t\t<\/div>\n\t\t\t\t\t<\/div>\n\t\t<\/div>\n\t\t\t\t\t<\/div>\n\t\t<\/section>\n\t\t\t\t<\/div>","protected":false},"excerpt":{"rendered":"<p>TERMS &amp; CONDITIONS Conclusion of contractsContracts are concluded in the name and for the account of Drew BTW, CH-8143 Stallikon, and exclusively on the basis of these general terms and conditions. In addition, the manufacturer&#8217;s license conditions enclosed with the products apply. General terms and conditions of the buyer are hereby rejected. Deviations from our [&hellip;]<\/p>","protected":false},"author":1,"featured_media":0,"parent":0,"menu_order":0,"comment_status":"closed","ping_status":"closed","template":"elementor_header_footer","meta":{"footnotes":""},"class_list":["post-176","page","type-page","status-publish","hentry"],"jetpack_sharing_enabled":true,"_links":{"self":[{"href":"https:\/\/biketheworld.ch\/de\/wp-json\/wp\/v2\/pages\/176","targetHints":{"allow":["GET"]}}],"collection":[{"href":"https:\/\/biketheworld.ch\/de\/wp-json\/wp\/v2\/pages"}],"about":[{"href":"https:\/\/biketheworld.ch\/de\/wp-json\/wp\/v2\/types\/page"}],"author":[{"embeddable":true,"href":"https:\/\/biketheworld.ch\/de\/wp-json\/wp\/v2\/users\/1"}],"replies":[{"embeddable":true,"href":"https:\/\/biketheworld.ch\/de\/wp-json\/wp\/v2\/comments?post=176"}],"version-history":[{"count":65,"href":"https:\/\/biketheworld.ch\/de\/wp-json\/wp\/v2\/pages\/176\/revisions"}],"predecessor-version":[{"id":11724,"href":"https:\/\/biketheworld.ch\/de\/wp-json\/wp\/v2\/pages\/176\/revisions\/11724"}],"wp:attachment":[{"href":"https:\/\/biketheworld.ch\/de\/wp-json\/wp\/v2\/media?parent=176"}],"curies":[{"name":"wp","href":"https:\/\/api.w.org\/{rel}","templated":true}]}}