{"id":10799,"date":"2022-01-11T08:33:11","date_gmt":"2022-01-11T08:33:11","guid":{"rendered":"https:\/\/biketheworld.ch\/?page_id=10799"},"modified":"2022-01-11T11:02:32","modified_gmt":"2022-01-11T11:02:32","slug":"payment","status":"publish","type":"page","link":"https:\/\/biketheworld.ch\/de\/payment\/","title":{"rendered":"ZAHLUNGSARTEN"},"content":{"rendered":"<div data-elementor-type=\"wp-page\" data-elementor-id=\"10799\" class=\"elementor elementor-10799\" data-elementor-post-type=\"page\">\n\t\t\t\t<section class=\"elementor-section elementor-top-section elementor-element elementor-element-2563a0df elementor-section-boxed elementor-section-height-default elementor-section-height-default\" data-id=\"2563a0df\" data-element_type=\"section\">\n\t\t\t\t\t\t<div class=\"elementor-container elementor-column-gap-default\">\n\t\t\t\t\t<div class=\"elementor-column elementor-col-100 elementor-top-column elementor-element elementor-element-43714dfc\" data-id=\"43714dfc\" data-element_type=\"column\">\n\t\t\t<div class=\"elementor-widget-wrap elementor-element-populated\">\n\t\t\t\t\t\t<div class=\"elementor-element elementor-element-53cf28b2 elementor-widget elementor-widget-text-editor\" data-id=\"53cf28b2\" data-element_type=\"widget\" data-widget_type=\"text-editor.default\">\n\t\t\t\t<div class=\"elementor-widget-container\"><div class=\"wp-block-themeisle-blocks-advanced-columns has-undefined-columns has-desktop-undefined-layout has-tablet-equal-layout has-mobile-equal-layout has-default-gap has-vertical-unset\" id=\"wp-block-themeisle-blocks-advanced-columns-f4d30352\"><div class=\"wp-block-themeisle-blocks-advanced-columns-overlay\"><\/div><div class=\"innerblocks-wrap\"><\/div><\/div><\/div>\n\t\t\t\t<\/div>\n\t\t\t\t\t<\/div>\n\t\t<\/div>\n\t\t\t\t\t<\/div>\n\t\t<\/section>\n\t\t\t\t<section class=\"elementor-section elementor-top-section elementor-element elementor-element-8ebdeff elementor-section-boxed elementor-section-height-default elementor-section-height-default\" data-id=\"8ebdeff\" data-element_type=\"section\">\n\t\t\t\t\t\t<div class=\"elementor-container elementor-column-gap-default\">\n\t\t\t\t\t<div class=\"elementor-column elementor-col-100 elementor-top-column elementor-element elementor-element-91ae04a\" data-id=\"91ae04a\" data-element_type=\"column\">\n\t\t\t<div class=\"elementor-widget-wrap elementor-element-populated\">\n\t\t\t\t\t\t<div class=\"elementor-element elementor-element-5ea7d28 elementor-widget elementor-widget-text-editor\" data-id=\"5ea7d28\" data-element_type=\"widget\" data-widget_type=\"text-editor.default\">\n\t\t\t\t<div class=\"elementor-widget-container\">\n\t\t\t\t\t\t\t\t\t<h1>ZAHLUNGSARTEN<\/h1>\t\t\t\t\t\t\t\t<\/div>\n\t\t\t\t<\/div>\n\t\t\t\t\t<\/div>\n\t\t<\/div>\n\t\t\t\t\t<\/div>\n\t\t<\/section>\n\t\t\t\t<section class=\"elementor-section elementor-top-section elementor-element elementor-element-72e92c7 elementor-section-boxed elementor-section-height-default elementor-section-height-default\" data-id=\"72e92c7\" data-element_type=\"section\">\n\t\t\t\t\t\t<div class=\"elementor-container elementor-column-gap-default\">\n\t\t\t\t\t<div class=\"elementor-column elementor-col-100 elementor-top-column elementor-element elementor-element-b930ddc\" data-id=\"b930ddc\" data-element_type=\"column\">\n\t\t\t<div class=\"elementor-widget-wrap elementor-element-populated\">\n\t\t\t\t\t\t<div class=\"elementor-element elementor-element-28a7f25 elementor-widget-divider--view-line elementor-widget elementor-widget-divider\" data-id=\"28a7f25\" data-element_type=\"widget\" data-widget_type=\"divider.default\">\n\t\t\t\t<div class=\"elementor-widget-container\">\n\t\t\t\t\t\t\t<div class=\"elementor-divider\">\n\t\t\t<span class=\"elementor-divider-separator\">\n\t\t\t\t\t\t<\/span>\n\t\t<\/div>\n\t\t\t\t\t\t<\/div>\n\t\t\t\t<\/div>\n\t\t\t\t\t<\/div>\n\t\t<\/div>\n\t\t\t\t\t<\/div>\n\t\t<\/section>\n\t\t\t\t<section class=\"elementor-section elementor-top-section elementor-element elementor-element-8437372 elementor-section-boxed elementor-section-height-default elementor-section-height-default\" data-id=\"8437372\" data-element_type=\"section\">\n\t\t\t\t\t\t<div class=\"elementor-container elementor-column-gap-default\">\n\t\t\t\t\t<div class=\"elementor-column elementor-col-100 elementor-top-column elementor-element elementor-element-3bae012\" data-id=\"3bae012\" data-element_type=\"column\">\n\t\t\t<div class=\"elementor-widget-wrap elementor-element-populated\">\n\t\t\t\t\t\t<div class=\"elementor-element elementor-element-c94a725 elementor-widget elementor-widget-text-editor\" data-id=\"c94a725\" data-element_type=\"widget\" data-widget_type=\"text-editor.default\">\n\t\t\t\t<div class=\"elementor-widget-container\">\n\t\t\t\t\t\t\t\t\t<p><strong><span class=\"\">Karte oder Twint<\/span><\/strong><br \/><span><span class=\"\">Visa, Master, Twint, Postcard<\/span><\/span><br \/><span>Bezahlen Sie direkt mit Ihrer VISA oder MasterCard Kreditkarte, sowie mit Postcard oder Postfinance E-Finance und neu auch TWINT. Alles ganz sicher und schnell. Das Geld wird reserviert und die Ware kann sofort versendet werden. Sie werden beim Bestellvorgang mit einer sicheren Bezahlseite der Postfinance verbunden. Da k\u00f6nnen Sie Ihre Kartendaten eingeben. Je nach Zahlart und Betrag ben\u00f6tigen Sie ihre Logindaten zu Ihrem 3D-Secure, Verified by Visa, oder ihrem E-Finance der Postfinance. Es entstehen f\u00fcr Sie keine weitere Kosten oder Geb\u00fchren!<\/span><\/p>\t\t\t\t\t\t\t\t<\/div>\n\t\t\t\t<\/div>\n\t\t\t\t\t<\/div>\n\t\t<\/div>\n\t\t\t\t\t<\/div>\n\t\t<\/section>\n\t\t\t\t<section class=\"elementor-section elementor-top-section elementor-element elementor-element-ae3bb8a elementor-section-boxed elementor-section-height-default elementor-section-height-default\" data-id=\"ae3bb8a\" data-element_type=\"section\">\n\t\t\t\t\t\t<div class=\"elementor-container elementor-column-gap-default\">\n\t\t\t\t\t<div class=\"elementor-column elementor-col-100 elementor-top-column elementor-element elementor-element-3802341\" data-id=\"3802341\" data-element_type=\"column\">\n\t\t\t<div class=\"elementor-widget-wrap elementor-element-populated\">\n\t\t\t\t\t\t<div class=\"elementor-element elementor-element-ba3cdc5 elementor-widget-divider--view-line elementor-widget elementor-widget-divider\" data-id=\"ba3cdc5\" data-element_type=\"widget\" data-widget_type=\"divider.default\">\n\t\t\t\t<div class=\"elementor-widget-container\">\n\t\t\t\t\t\t\t<div class=\"elementor-divider\">\n\t\t\t<span class=\"elementor-divider-separator\">\n\t\t\t\t\t\t<\/span>\n\t\t<\/div>\n\t\t\t\t\t\t<\/div>\n\t\t\t\t<\/div>\n\t\t\t\t\t<\/div>\n\t\t<\/div>\n\t\t\t\t\t<\/div>\n\t\t<\/section>\n\t\t\t\t<section class=\"elementor-section elementor-top-section elementor-element elementor-element-a811d2a elementor-section-boxed elementor-section-height-default elementor-section-height-default\" data-id=\"a811d2a\" data-element_type=\"section\">\n\t\t\t\t\t\t<div class=\"elementor-container elementor-column-gap-default\">\n\t\t\t\t\t<div class=\"elementor-column elementor-col-100 elementor-top-column elementor-element elementor-element-6d5528c\" data-id=\"6d5528c\" data-element_type=\"column\">\n\t\t\t<div class=\"elementor-widget-wrap elementor-element-populated\">\n\t\t\t\t\t\t<div class=\"elementor-element elementor-element-71dbda8 elementor-widget elementor-widget-text-editor\" data-id=\"71dbda8\" data-element_type=\"widget\" data-widget_type=\"text-editor.default\">\n\t\t\t\t<div class=\"elementor-widget-container\">\n\t\t\t\t\t\t\t\t\t<p><strong><span class=\"\">Paypal<\/span><\/strong><br \/><span class=\"\">rundum sicher gesch\u00fctzt!<\/span><br \/>Bezahlen Sie Ihre Bestellung bequem und sicher mit Ihrem PayPal Konto. Der Vorteil: Sehr sicher und komfortabel, das Geld ist sofort \u00fcberwiesen, die Ware kann sofort versendet werden. Desweiteren sind K\u00e4ufer und Verk\u00e4ufer bis zu einer H\u00f6he von 500.- CHF Warenwert gegen Betrug gesch\u00fctzt. Die Drew BTW ist seit 2019 verifizierter PayPal Konto-Inhaber. PayPal ist inzwischen eine beliebte Zahlweise im weltweiten Onlinehandel geworden und wird von tausenden Onlineshops weltweit akzeptiert. Es entstehen f\u00fcr Sie keine weitere Kosten oder Geb\u00fchren!<\/p>\t\t\t\t\t\t\t\t<\/div>\n\t\t\t\t<\/div>\n\t\t\t\t\t<\/div>\n\t\t<\/div>\n\t\t\t\t\t<\/div>\n\t\t<\/section>\n\t\t\t\t<section class=\"elementor-section elementor-top-section elementor-element elementor-element-baf9dab elementor-section-boxed elementor-section-height-default elementor-section-height-default\" data-id=\"baf9dab\" data-element_type=\"section\">\n\t\t\t\t\t\t<div class=\"elementor-container elementor-column-gap-default\">\n\t\t\t\t\t<div class=\"elementor-column elementor-col-100 elementor-top-column elementor-element elementor-element-2719ac7\" data-id=\"2719ac7\" data-element_type=\"column\">\n\t\t\t<div class=\"elementor-widget-wrap elementor-element-populated\">\n\t\t\t\t\t\t<div class=\"elementor-element elementor-element-1c6ca88 elementor-widget-divider--view-line elementor-widget elementor-widget-divider\" data-id=\"1c6ca88\" data-element_type=\"widget\" data-widget_type=\"divider.default\">\n\t\t\t\t<div class=\"elementor-widget-container\">\n\t\t\t\t\t\t\t<div class=\"elementor-divider\">\n\t\t\t<span class=\"elementor-divider-separator\">\n\t\t\t\t\t\t<\/span>\n\t\t<\/div>\n\t\t\t\t\t\t<\/div>\n\t\t\t\t<\/div>\n\t\t\t\t\t<\/div>\n\t\t<\/div>\n\t\t\t\t\t<\/div>\n\t\t<\/section>\n\t\t\t\t<section class=\"elementor-section elementor-top-section elementor-element elementor-element-26f296f elementor-section-boxed elementor-section-height-default elementor-section-height-default\" data-id=\"26f296f\" data-element_type=\"section\">\n\t\t\t\t\t\t<div class=\"elementor-container elementor-column-gap-default\">\n\t\t\t\t\t<div class=\"elementor-column elementor-col-100 elementor-top-column elementor-element elementor-element-4d7b6ee\" data-id=\"4d7b6ee\" data-element_type=\"column\">\n\t\t\t<div class=\"elementor-widget-wrap elementor-element-populated\">\n\t\t\t\t\t\t<div class=\"elementor-element elementor-element-1210cca elementor-widget elementor-widget-text-editor\" data-id=\"1210cca\" data-element_type=\"widget\" data-widget_type=\"text-editor.default\">\n\t\t\t\t<div class=\"elementor-widget-container\">\n\t\t\t\t\t\t\t\t\t<details open=\"\">\n<summary><strong>Vorauskasse (Bank\u00fcberweisung)<\/strong><br \/>is always possible!<\/summary>\n<p>Sie bezahlen Ihre Bestellung im Voraus per Bank\u00fcberweisung. Sobald der Betrag auf unserem Konto eingegangen ist, wird die Ware versendet. ACHTUNG: Ihre Ware wird f\u00fcr einen Zeitraum von 5 Tagen reserviert, sollte die Zahlung nicht innerhalb dieser Zeit bei uns eingehen, wird Ihre Bestellung storniert! Bei Ihrer Bestellung erhalten Sie umgehend eine E-Mail mit allen Informationen und Bankdaten f\u00fcr die \u00dcberweisung. Ohne ausdr\u00fcckliche Aufforderung wird kein Papiereinzahlungsschein verschickt. Dieses k\u00f6nnen Sie bei Bedarf bei jeder Post oder Bank selbst ausf\u00fcllen.<\/p>\n<\/details><hr \/>\t\t\t\t\t\t\t\t<\/div>\n\t\t\t\t<\/div>\n\t\t\t\t\t<\/div>\n\t\t<\/div>\n\t\t\t\t\t<\/div>\n\t\t<\/section>\t\t<\/div>","protected":false},"excerpt":{"rendered":"<p>PAYMENT Card or TwintVisa, Master, Twint, PostcardPay directly with your VISA or MasterCard credit card, as well as with Postcard or Postfinance e-finance and now also TWINT.\u00a0Everything very safely and quickly.\u00a0The money is reserved and the goods can be sent immediately.\u00a0During the ordering process, you will be connected to a secure Postfinance payment page.\u00a0You can [&hellip;]<\/p>","protected":false},"author":1,"featured_media":0,"parent":0,"menu_order":0,"comment_status":"closed","ping_status":"closed","template":"elementor_header_footer","meta":{"footnotes":""},"class_list":["post-10799","page","type-page","status-publish","hentry"],"jetpack_sharing_enabled":true,"_links":{"self":[{"href":"https:\/\/biketheworld.ch\/de\/wp-json\/wp\/v2\/pages\/10799","targetHints":{"allow":["GET"]}}],"collection":[{"href":"https:\/\/biketheworld.ch\/de\/wp-json\/wp\/v2\/pages"}],"about":[{"href":"https:\/\/biketheworld.ch\/de\/wp-json\/wp\/v2\/types\/page"}],"author":[{"embeddable":true,"href":"https:\/\/biketheworld.ch\/de\/wp-json\/wp\/v2\/users\/1"}],"replies":[{"embeddable":true,"href":"https:\/\/biketheworld.ch\/de\/wp-json\/wp\/v2\/comments?post=10799"}],"version-history":[{"count":13,"href":"https:\/\/biketheworld.ch\/de\/wp-json\/wp\/v2\/pages\/10799\/revisions"}],"predecessor-version":[{"id":10813,"href":"https:\/\/biketheworld.ch\/de\/wp-json\/wp\/v2\/pages\/10799\/revisions\/10813"}],"wp:attachment":[{"href":"https:\/\/biketheworld.ch\/de\/wp-json\/wp\/v2\/media?parent=10799"}],"curies":[{"name":"wp","href":"https:\/\/api.w.org\/{rel}","templated":true}]}}