{"id":10787,"date":"2022-01-11T08:02:43","date_gmt":"2022-01-11T08:02:43","guid":{"rendered":"https:\/\/biketheworld.ch\/?page_id=10787"},"modified":"2022-01-11T08:15:16","modified_gmt":"2022-01-11T08:15:16","slug":"shipping","status":"publish","type":"page","link":"https:\/\/biketheworld.ch\/de\/shipping\/","title":{"rendered":"VERSAND"},"content":{"rendered":"<div data-elementor-type=\"wp-page\" data-elementor-id=\"10787\" class=\"elementor elementor-10787\" data-elementor-post-type=\"page\">\n\t\t\t\t<section class=\"elementor-section elementor-top-section elementor-element elementor-element-1590e431 elementor-section-boxed elementor-section-height-default elementor-section-height-default\" data-id=\"1590e431\" data-element_type=\"section\">\n\t\t\t\t\t\t<div class=\"elementor-container elementor-column-gap-default\">\n\t\t\t\t\t<div class=\"elementor-column elementor-col-100 elementor-top-column elementor-element elementor-element-1453096\" data-id=\"1453096\" data-element_type=\"column\">\n\t\t\t<div class=\"elementor-widget-wrap elementor-element-populated\">\n\t\t\t\t\t\t<div class=\"elementor-element elementor-element-5b510834 elementor-widget elementor-widget-text-editor\" data-id=\"5b510834\" data-element_type=\"widget\" data-widget_type=\"text-editor.default\">\n\t\t\t\t<div class=\"elementor-widget-container\"><div class=\"wp-block-themeisle-blocks-advanced-columns has-undefined-columns has-desktop-undefined-layout has-tablet-equal-layout has-mobile-equal-layout has-default-gap has-vertical-unset\" id=\"wp-block-themeisle-blocks-advanced-columns-bb863f39\"><div class=\"wp-block-themeisle-blocks-advanced-columns-overlay\"><\/div><div class=\"innerblocks-wrap\"><\/div><\/div><\/div>\n\t\t\t\t<\/div>\n\t\t\t\t\t<\/div>\n\t\t<\/div>\n\t\t\t\t\t<\/div>\n\t\t<\/section>\n\t\t\t\t<section class=\"elementor-section elementor-top-section elementor-element elementor-element-0123b03 elementor-section-boxed elementor-section-height-default elementor-section-height-default\" data-id=\"0123b03\" data-element_type=\"section\">\n\t\t\t\t\t\t<div class=\"elementor-container elementor-column-gap-default\">\n\t\t\t\t\t<div class=\"elementor-column elementor-col-100 elementor-top-column elementor-element elementor-element-eca04a6\" data-id=\"eca04a6\" data-element_type=\"column\">\n\t\t\t<div class=\"elementor-widget-wrap elementor-element-populated\">\n\t\t\t\t\t\t<div class=\"elementor-element elementor-element-ec29a60 elementor-widget elementor-widget-text-editor\" data-id=\"ec29a60\" data-element_type=\"widget\" data-widget_type=\"text-editor.default\">\n\t\t\t\t<div class=\"elementor-widget-container\">\n\t\t\t\t\t\t\t\t\t<h1>VERSAND<\/h1>\t\t\t\t\t\t\t\t<\/div>\n\t\t\t\t<\/div>\n\t\t\t\t\t<\/div>\n\t\t<\/div>\n\t\t\t\t\t<\/div>\n\t\t<\/section>\n\t\t\t\t<section class=\"elementor-section elementor-top-section elementor-element elementor-element-be8ee39 elementor-section-boxed elementor-section-height-default elementor-section-height-default\" data-id=\"be8ee39\" data-element_type=\"section\">\n\t\t\t\t\t\t<div class=\"elementor-container elementor-column-gap-default\">\n\t\t\t\t\t<div class=\"elementor-column elementor-col-100 elementor-top-column elementor-element elementor-element-1c7cf2d\" data-id=\"1c7cf2d\" data-element_type=\"column\">\n\t\t\t<div class=\"elementor-widget-wrap elementor-element-populated\">\n\t\t\t\t\t\t<div class=\"elementor-element elementor-element-d7b50cb elementor-widget-divider--view-line elementor-widget elementor-widget-divider\" data-id=\"d7b50cb\" data-element_type=\"widget\" data-widget_type=\"divider.default\">\n\t\t\t\t<div class=\"elementor-widget-container\">\n\t\t\t\t\t\t\t<div class=\"elementor-divider\">\n\t\t\t<span class=\"elementor-divider-separator\">\n\t\t\t\t\t\t<\/span>\n\t\t<\/div>\n\t\t\t\t\t\t<\/div>\n\t\t\t\t<\/div>\n\t\t\t\t\t<\/div>\n\t\t<\/div>\n\t\t\t\t\t<\/div>\n\t\t<\/section>\n\t\t\t\t<section class=\"elementor-section elementor-top-section elementor-element elementor-element-12618f6 elementor-section-boxed elementor-section-height-default elementor-section-height-default\" data-id=\"12618f6\" data-element_type=\"section\">\n\t\t\t\t\t\t<div class=\"elementor-container elementor-column-gap-default\">\n\t\t\t\t\t<div class=\"elementor-column elementor-col-100 elementor-top-column elementor-element elementor-element-82b733c\" data-id=\"82b733c\" data-element_type=\"column\">\n\t\t\t<div class=\"elementor-widget-wrap elementor-element-populated\">\n\t\t\t\t\t\t<div class=\"elementor-element elementor-element-2224f76 elementor-widget elementor-widget-text-editor\" data-id=\"2224f76\" data-element_type=\"widget\" data-widget_type=\"text-editor.default\">\n\t\t\t\t<div class=\"elementor-widget-container\">\n\t\t\t\t\t\t\t\t\t<p><strong>Portokosten (Versandpriorit\u00e4t) Lieferung Schweiz<br \/><\/strong>Alle Waren werden mit der Schweizerischen Post geliefert. Alle Bestellungen, die vor 16:00 Uhr eingehen. Montag bis Donnerstag werden am selben Tag versendet. Alle Lieferungen sollten innerhalb von 1\/2 Tagen ankommen. Bestellungen am Freitag, Samstag und Sonntag k\u00f6nnen bis zu 3\/4 Tage dauern.<\/p>\n<p>Versandkosten Standardpaket \u2013 CHF 9.00<br \/><span style=\"color: var( --e-global-color-text ); font-family: var( --e-global-typography-text-font-family ), Sans-serif; font-weight: var( --e-global-typography-text-font-weight );\">Versandkosten Sperrgutpaket (Rahmen, Bikes, Laufr\u00e4der &amp; Felgen) \u2013 CHF 31.00\u00a0<\/span><\/p>\t\t\t\t\t\t\t\t<\/div>\n\t\t\t\t<\/div>\n\t\t\t\t\t<\/div>\n\t\t<\/div>\n\t\t\t\t\t<\/div>\n\t\t<\/section>\n\t\t\t\t<section class=\"elementor-section elementor-top-section elementor-element elementor-element-c66b6a2 elementor-section-boxed elementor-section-height-default elementor-section-height-default\" data-id=\"c66b6a2\" data-element_type=\"section\">\n\t\t\t\t\t\t<div class=\"elementor-container elementor-column-gap-default\">\n\t\t\t\t\t<div class=\"elementor-column elementor-col-100 elementor-top-column elementor-element elementor-element-169c41c\" data-id=\"169c41c\" data-element_type=\"column\">\n\t\t\t<div class=\"elementor-widget-wrap elementor-element-populated\">\n\t\t\t\t\t\t<div class=\"elementor-element elementor-element-db38081 elementor-widget-divider--view-line elementor-widget elementor-widget-divider\" data-id=\"db38081\" data-element_type=\"widget\" data-widget_type=\"divider.default\">\n\t\t\t\t<div class=\"elementor-widget-container\">\n\t\t\t\t\t\t\t<div class=\"elementor-divider\">\n\t\t\t<span class=\"elementor-divider-separator\">\n\t\t\t\t\t\t<\/span>\n\t\t<\/div>\n\t\t\t\t\t\t<\/div>\n\t\t\t\t<\/div>\n\t\t\t\t\t<\/div>\n\t\t<\/div>\n\t\t\t\t\t<\/div>\n\t\t<\/section>\n\t\t\t\t<section class=\"elementor-section elementor-top-section elementor-element elementor-element-42f87fe elementor-section-boxed elementor-section-height-default elementor-section-height-default\" data-id=\"42f87fe\" data-element_type=\"section\">\n\t\t\t\t\t\t<div class=\"elementor-container elementor-column-gap-default\">\n\t\t\t\t\t<div class=\"elementor-column elementor-col-100 elementor-top-column elementor-element elementor-element-afbd9bf\" data-id=\"afbd9bf\" data-element_type=\"column\">\n\t\t\t<div class=\"elementor-widget-wrap elementor-element-populated\">\n\t\t\t\t\t\t<div class=\"elementor-element elementor-element-a213045 elementor-widget elementor-widget-text-editor\" data-id=\"a213045\" data-element_type=\"widget\" data-widget_type=\"text-editor.default\">\n\t\t\t\t<div class=\"elementor-widget-container\">\n\t\t\t\t\t\t\t\t\t<p><strong>Portokosten (Versandpriorit\u00e4t) Lieferung Zone 1 (\u00d6sterreich, Belgien, Frankreich, Deutschland, Italien, Luxemburg, Niederlande)<br \/><\/strong>Alle Waren werden mit GLS Swiss Post geliefert. Alle Bestellungen, die vor 16:00 Uhr eingehen. Montag bis Donnerstag werden am selben Tag versendet. Die Lieferzeiten k\u00f6nnen je nach Standort variieren, bitte \u00fcberpr\u00fcfen Sie Ihre Tracking-Informationen f\u00fcr Liefertermine.<\/p>\n<p>Versandkosten Standardpaket \u2013 CHF 21.00<br \/><span style=\"color: var( --e-global-color-text ); font-family: var( --e-global-typography-text-font-family ), Sans-serif; font-weight: var( --e-global-typography-text-font-weight );\">Versandkosten Sperrgutpaket (Rahmen, Bikes, Laufr\u00e4der &amp; Felgen) \u2013 CHF 35.00<\/span><span style=\"color: var( --e-global-color-text ); font-family: var( --e-global-typography-text-font-family ), Sans-serif; font-weight: var( --e-global-typography-text-font-weight );\"><br \/><\/span><span style=\"font-family: var( --e-global-typography-text-font-family ), Sans-serif; font-weight: var( --e-global-typography-text-font-weight ); color: #ff0000;\"><strong>Wichtig: Alle Sendungen in diese Zone werden ohne Mehrwertsteuer versendet, der Kunde wird vom Zoll kontaktiert und Mehrwertsteuer und Einfuhrz\u00f6lle wird seperat berechnet. Drew BTW \u00fcbernimmt keine Verantwortung f\u00fcr diese Kosten.<\/strong><\/span><\/p>\t\t\t\t\t\t\t\t<\/div>\n\t\t\t\t<\/div>\n\t\t\t\t\t<\/div>\n\t\t<\/div>\n\t\t\t\t\t<\/div>\n\t\t<\/section>\n\t\t\t\t<section class=\"elementor-section elementor-top-section elementor-element elementor-element-12ff403 elementor-section-boxed elementor-section-height-default elementor-section-height-default\" data-id=\"12ff403\" data-element_type=\"section\">\n\t\t\t\t\t\t<div class=\"elementor-container elementor-column-gap-default\">\n\t\t\t\t\t<div class=\"elementor-column elementor-col-100 elementor-top-column elementor-element elementor-element-644eb39\" data-id=\"644eb39\" data-element_type=\"column\">\n\t\t\t<div class=\"elementor-widget-wrap elementor-element-populated\">\n\t\t\t\t\t\t<div class=\"elementor-element elementor-element-cf43457 elementor-widget-divider--view-line elementor-widget elementor-widget-divider\" data-id=\"cf43457\" data-element_type=\"widget\" data-widget_type=\"divider.default\">\n\t\t\t\t<div class=\"elementor-widget-container\">\n\t\t\t\t\t\t\t<div class=\"elementor-divider\">\n\t\t\t<span class=\"elementor-divider-separator\">\n\t\t\t\t\t\t<\/span>\n\t\t<\/div>\n\t\t\t\t\t\t<\/div>\n\t\t\t\t<\/div>\n\t\t\t\t\t<\/div>\n\t\t<\/div>\n\t\t\t\t\t<\/div>\n\t\t<\/section>\n\t\t\t\t<section class=\"elementor-section elementor-top-section elementor-element elementor-element-8cf20a7 elementor-section-boxed elementor-section-height-default elementor-section-height-default\" data-id=\"8cf20a7\" data-element_type=\"section\">\n\t\t\t\t\t\t<div class=\"elementor-container elementor-column-gap-default\">\n\t\t\t\t\t<div class=\"elementor-column elementor-col-100 elementor-top-column elementor-element elementor-element-a2dd6d1\" data-id=\"a2dd6d1\" data-element_type=\"column\">\n\t\t\t<div class=\"elementor-widget-wrap elementor-element-populated\">\n\t\t\t\t\t\t<div class=\"elementor-element elementor-element-3a365fc elementor-widget elementor-widget-text-editor\" data-id=\"3a365fc\" data-element_type=\"widget\" data-widget_type=\"text-editor.default\">\n\t\t\t\t<div class=\"elementor-widget-container\">\n\t\t\t\t\t\t\t\t\t<p><strong>Portokosten (Versandpriorit\u00e4t) Lieferung Zone 2 (D\u00e4nemark, Norwegen, Portugal, Spanien, Schweden, Vereinigtes K\u00f6nigreich (UK))<br \/><\/strong>Alle Waren werden mit GLS Swiss Post geliefert. Alle Bestellungen, die vor 16:00 Uhr eingehen. Montag bis Donnerstag werden am selben Tag versendet. Die Lieferzeiten k\u00f6nnen je nach Standort variieren, bitte \u00fcberpr\u00fcfen Sie Ihre Tracking-Informationen f\u00fcr Liefertermine.\u00a0<\/p>\n<p>Versandkosten Standardpaket \u2013 CHF 25.00<br \/><span style=\"color: var( --e-global-color-text ); font-family: var( --e-global-typography-text-font-family ), Sans-serif; font-weight: var( --e-global-typography-text-font-weight );\">Versandkosten Sperrgutpaket (Rahmen, Bikes, Laufr\u00e4der &amp; Felgen) \u2013 CHF 45.00\u00a0<br \/><span style=\"color: #ff0000;\"><strong>Wichtig: Alle Sendungen in diese Zone werden ohne Mehrwertsteuer versendet, der Kunde wird vom Zoll kontaktiert und Mehrwertsteuer und Einfuhrz\u00f6lle wird seperat berechnet. Drew BTW \u00fcbernimmt keine Verantwortung f\u00fcr diese Kosten.<\/strong><\/span><\/span><\/p>\t\t\t\t\t\t\t\t<\/div>\n\t\t\t\t<\/div>\n\t\t\t\t\t<\/div>\n\t\t<\/div>\n\t\t\t\t\t<\/div>\n\t\t<\/section>\t\t<\/div>","protected":false},"excerpt":{"rendered":"<p>SHIPPING Postage costs (shipping priority) delivery SwitzerlandAll goods are delivered by Swiss Post. All orders placed before 4:00 p.m. Monday to Thursday are sent on the same day. All deliveries should arrive within 1\/2 days. Orders placed on Friday, Saturday &amp; Sunday may take up to 3\/4 days Delivery costs Standard Package &#8211; CHF 9.00Delivery [&hellip;]<\/p>","protected":false},"author":1,"featured_media":0,"parent":0,"menu_order":0,"comment_status":"closed","ping_status":"closed","template":"elementor_header_footer","meta":{"footnotes":""},"class_list":["post-10787","page","type-page","status-publish","hentry"],"jetpack_sharing_enabled":true,"_links":{"self":[{"href":"https:\/\/biketheworld.ch\/de\/wp-json\/wp\/v2\/pages\/10787","targetHints":{"allow":["GET"]}}],"collection":[{"href":"https:\/\/biketheworld.ch\/de\/wp-json\/wp\/v2\/pages"}],"about":[{"href":"https:\/\/biketheworld.ch\/de\/wp-json\/wp\/v2\/types\/page"}],"author":[{"embeddable":true,"href":"https:\/\/biketheworld.ch\/de\/wp-json\/wp\/v2\/users\/1"}],"replies":[{"embeddable":true,"href":"https:\/\/biketheworld.ch\/de\/wp-json\/wp\/v2\/comments?post=10787"}],"version-history":[{"count":11,"href":"https:\/\/biketheworld.ch\/de\/wp-json\/wp\/v2\/pages\/10787\/revisions"}],"predecessor-version":[{"id":11726,"href":"https:\/\/biketheworld.ch\/de\/wp-json\/wp\/v2\/pages\/10787\/revisions\/11726"}],"wp:attachment":[{"href":"https:\/\/biketheworld.ch\/de\/wp-json\/wp\/v2\/media?parent=10787"}],"curies":[{"name":"wp","href":"https:\/\/api.w.org\/{rel}","templated":true}]}}